{"id":75,"date":"2020-07-01T22:05:47","date_gmt":"2020-07-02T03:05:47","guid":{"rendered":"https:\/\/www.seguroslcamexico.com\/?page_id=75"},"modified":"2020-07-07T13:59:20","modified_gmt":"2020-07-07T18:59:20","slug":"hogar","status":"publish","type":"page","link":"https:\/\/www.seguroslcamexico.com\/index.php\/hogar\/","title":{"rendered":"Hogar"},"content":{"rendered":"<p>[et_pb_section fb_built=\u00bb1&#8243; _builder_version=\u00bb4.4.8&#8243; background_image=\u00bbhttps:\/\/www.seguroslcamexico.com\/wp-content\/uploads\/2020\/07\/AdobeStock_208211143-e1543338967601.jpeg\u00bb parallax=\u00bbon\u00bb width=\u00bb100%\u00bb custom_margin=\u00bb||-130px|||\u00bb custom_padding=\u00bb0px||698px|||\u00bb locked=\u00bboff\u00bb][\/et_pb_section][et_pb_section fb_built=\u00bb1&#8243; _builder_version=\u00bb4.4.8&#8243; custom_margin=\u00bb-44px|||||\u00bb top_divider_style=\u00bbarrow2&#8243; top_divider_color=\u00bbrgba(0,0,0,0.08)\u00bb top_divider_height=\u00bb475px\u00bb locked=\u00bboff\u00bb][et_pb_row _builder_version=\u00bb4.3.4&#8243;][et_pb_column type=\u00bb4_4&#8243; _builder_version=\u00bb4.3.4&#8243;][et_pb_text _builder_version=\u00bb4.4.8&#8243; text_font=\u00bbLora||||||||\u00bb text_text_color=\u00bb#000000&#8243; text_font_size=\u00bb21px\u00bb text_line_height=\u00bb1.8em\u00bb header_2_font=\u00bbLora|700|||||||\u00bb header_2_text_color=\u00bb#0832a5&#8243; header_2_font_size=\u00bb30px\u00bb]<\/p>\n<h2 style=\"text-align: justify;\"><strong>Seguro de hogar<\/strong><\/h2>\n<p style=\"text-align: justify;\">No arriesgues uno de tus bienes m\u00e1s preciados, protege tu patrimonio, a sus integrantes y a los objetos de valor, de da\u00f1os causados por personas o por fen\u00f3menos naturales, te cuidamos a ti, a tu familia, al personal y a tus mascotas dentro y fuera de ella, no lo dejes al azar ni a la suerte, para que puedas tener la seguridad de decir,\u00a0 hogar dulce hogar\u2026<\/p>\n<p>[\/et_pb_text][et_pb_text _builder_version=\u00bb4.4.8&#8243; text_font=\u00bbLora|700|||||||\u00bb text_text_color=\u00bb#000000&#8243; text_font_size=\u00bb21px\u00bb text_line_height=\u00bb1.8em\u00bb header_2_font=\u00bbLora|700|||||||\u00bb header_2_text_color=\u00bb#0832a5&#8243; header_2_font_size=\u00bb30px\u00bb locked=\u00bboff\u00bb]<\/p>\n<h2 style=\"text-align: justify;\">Seguro individual<\/h2>\n<p>&nbsp;<\/p>\n<p>[\/et_pb_text][\/et_pb_column][\/et_pb_row][et_pb_row _builder_version=\u00bb4.3.4&#8243; custom_margin=\u00bb-36px|auto||auto||\u00bb locked=\u00bboff\u00bb][et_pb_column type=\u00bb4_4&#8243; _builder_version=\u00bb4.3.4&#8243;][et_pb_button button_url=\u00bbhttps:\/\/www.seguroslcamexico.com\/index.php\/contacto\/\u00bb url_new_window=\u00bbon\u00bb button_text=\u00bbObtener cotizaci\u00f3n\u00bb button_alignment=\u00bbcenter\u00bb _builder_version=\u00bb4.4.8&#8243; custom_button=\u00bbon\u00bb button_text_color=\u00bb#FFFFFF\u00bb button_bg_color=\u00bb#0832a5&#8243;][\/et_pb_button][\/et_pb_column][\/et_pb_row][\/et_pb_section]<\/p>\n","protected":false},"excerpt":{"rendered":"<p>[et_pb_section fb_built=\u00bb1&#8243; _builder_version=\u00bb4.4.8&#8243; background_image=\u00bbhttps:\/\/www.seguroslcamexico.com\/wp-content\/uploads\/2020\/07\/AdobeStock_208211143-e1543338967601.jpeg\u00bb parallax=\u00bbon\u00bb width=\u00bb100%\u00bb custom_margin=\u00bb||-130px|||\u00bb custom_padding=\u00bb0px||698px|||\u00bb locked=\u00bboff\u00bb][\/et_pb_section][et_pb_section fb_built=\u00bb1&#8243; _builder_version=\u00bb4.4.8&#8243; custom_margin=\u00bb-44px|||||\u00bb top_divider_style=\u00bbarrow2&#8243; top_divider_color=\u00bbrgba(0,0,0,0.08)\u00bb top_divider_height=\u00bb475px\u00bb locked=\u00bboff\u00bb][et_pb_row _builder_version=\u00bb4.3.4&#8243;][et_pb_column type=\u00bb4_4&#8243; _builder_version=\u00bb4.3.4&#8243;][et_pb_text _builder_version=\u00bb4.4.8&#8243; text_font=\u00bbLora||||||||\u00bb text_text_color=\u00bb#000000&#8243; text_font_size=\u00bb21px\u00bb text_line_height=\u00bb1.8em\u00bb header_2_font=\u00bbLora|700|||||||\u00bb header_2_text_color=\u00bb#0832a5&#8243; header_2_font_size=\u00bb30px\u00bb] Seguro de hogar No arriesgues uno de tus bienes m\u00e1s preciados, protege tu patrimonio, a sus integrantes y a los objetos de valor, de da\u00f1os causados por personas [&hellip;]<\/p>\n","protected":false},"author":1,"featured_media":0,"parent":0,"menu_order":0,"comment_status":"closed","ping_status":"closed","template":"","meta":{"_et_pb_use_builder":"on","_et_pb_old_content":"","_et_gb_content_width":"","footnotes":""},"_links":{"self":[{"href":"https:\/\/www.seguroslcamexico.com\/index.php\/wp-json\/wp\/v2\/pages\/75"}],"collection":[{"href":"https:\/\/www.seguroslcamexico.com\/index.php\/wp-json\/wp\/v2\/pages"}],"about":[{"href":"https:\/\/www.seguroslcamexico.com\/index.php\/wp-json\/wp\/v2\/types\/page"}],"author":[{"embeddable":true,"href":"https:\/\/www.seguroslcamexico.com\/index.php\/wp-json\/wp\/v2\/users\/1"}],"replies":[{"embeddable":true,"href":"https:\/\/www.seguroslcamexico.com\/index.php\/wp-json\/wp\/v2\/comments?post=75"}],"version-history":[{"count":10,"href":"https:\/\/www.seguroslcamexico.com\/index.php\/wp-json\/wp\/v2\/pages\/75\/revisions"}],"predecessor-version":[{"id":836,"href":"https:\/\/www.seguroslcamexico.com\/index.php\/wp-json\/wp\/v2\/pages\/75\/revisions\/836"}],"wp:attachment":[{"href":"https:\/\/www.seguroslcamexico.com\/index.php\/wp-json\/wp\/v2\/media?parent=75"}],"curies":[{"name":"wp","href":"https:\/\/api.w.org\/{rel}","templated":true}]}}