{"id":161,"date":"2020-07-01T22:53:24","date_gmt":"2020-07-02T03:53:24","guid":{"rendered":"https:\/\/www.seguroslcamexico.com\/?page_id=161"},"modified":"2020-07-07T13:55:30","modified_gmt":"2020-07-07T18:55:30","slug":"grupal-y-pymes-2","status":"publish","type":"page","link":"https:\/\/www.seguroslcamexico.com\/index.php\/grupal-y-pymes-2\/","title":{"rendered":"Grupal y Pymes"},"content":{"rendered":"<p>[et_pb_section fb_built=\u00bb1&#8243; _builder_version=\u00bb4.4.8&#8243; background_image=\u00bbhttps:\/\/www.seguroslcamexico.com\/wp-content\/uploads\/2020\/07\/commercial-mortgage-advisers.jpg\u00bb parallax=\u00bbon\u00bb custom_margin=\u00bb||-130px|||\u00bb custom_padding=\u00bb0px||673px|||\u00bb locked=\u00bboff\u00bb][\/et_pb_section][et_pb_section fb_built=\u00bb1&#8243; _builder_version=\u00bb4.4.8&#8243; custom_margin=\u00bb-44px|||||\u00bb top_divider_style=\u00bbasymmetric\u00bb top_divider_color=\u00bbrgba(0,0,0,0.03)\u00bb top_divider_height=\u00bb451px\u00bb locked=\u00bboff\u00bb][et_pb_row _builder_version=\u00bb4.3.4&#8243;][et_pb_column type=\u00bb4_4&#8243; _builder_version=\u00bb4.3.4&#8243;][et_pb_text _builder_version=\u00bb4.4.8&#8243; text_font=\u00bbLora||||||||\u00bb text_text_color=\u00bb#000000&#8243; text_font_size=\u00bb21px\u00bb text_line_height=\u00bb1.8em\u00bb header_2_font=\u00bbLora|700|||||||\u00bb header_2_text_color=\u00bb#0832a5&#8243; header_2_font_size=\u00bb30px\u00bb hover_enabled=\u00bb0&#8243;]<\/p>\n<h2 style=\"text-align: justify;\"><strong>Seguro grupal y pymes<\/strong><\/h2>\n<p style=\"text-align: justify;\">Para que tu equipo pueda trabajar tranquilo y seguro\u2026<\/p>\n<p style=\"text-align: justify;\">El plan a tu alcance que protege e incentiva a tu personal, apoyando a tus colaboradores a trav\u00e9s de esta excelente prestaci\u00f3n, puedes contar con nuestra asesor\u00eda y apoyo para que tu equipo de trabajo en caso de alg\u00fan imprevisto pueda tener la tranquilidad de que su familia obtendr\u00e1 un apoyo econ\u00f3mico.<\/p>\n<p>[\/et_pb_text][\/et_pb_column][\/et_pb_row][et_pb_row _builder_version=\u00bb4.3.4&#8243; custom_margin=\u00bb-22px|auto||auto||\u00bb locked=\u00bboff\u00bb][et_pb_column type=\u00bb4_4&#8243; _builder_version=\u00bb4.3.4&#8243;][et_pb_button button_url=\u00bbhttps:\/\/www.seguroslcamexico.com\/index.php\/contacto\/\u00bb url_new_window=\u00bbon\u00bb button_text=\u00bbObtener cotizaci\u00f3n\u00bb button_alignment=\u00bbcenter\u00bb _builder_version=\u00bb4.4.8&#8243; custom_button=\u00bbon\u00bb button_text_color=\u00bb#FFFFFF\u00bb button_bg_color=\u00bb#0832a5&#8243;][\/et_pb_button][\/et_pb_column][\/et_pb_row][\/et_pb_section]<\/p>\n","protected":false},"excerpt":{"rendered":"<p>[et_pb_section fb_built=\u00bb1&#8243; _builder_version=\u00bb4.4.8&#8243; background_image=\u00bbhttps:\/\/www.seguroslcamexico.com\/wp-content\/uploads\/2020\/07\/commercial-mortgage-advisers.jpg\u00bb parallax=\u00bbon\u00bb custom_margin=\u00bb||-130px|||\u00bb custom_padding=\u00bb0px||673px|||\u00bb locked=\u00bboff\u00bb][\/et_pb_section][et_pb_section fb_built=\u00bb1&#8243; _builder_version=\u00bb4.4.8&#8243; custom_margin=\u00bb-44px|||||\u00bb top_divider_style=\u00bbasymmetric\u00bb top_divider_color=\u00bbrgba(0,0,0,0.03)\u00bb top_divider_height=\u00bb451px\u00bb locked=\u00bboff\u00bb][et_pb_row _builder_version=\u00bb4.3.4&#8243;][et_pb_column type=\u00bb4_4&#8243; _builder_version=\u00bb4.3.4&#8243;][et_pb_text _builder_version=\u00bb4.4.8&#8243; text_font=\u00bbLora||||||||\u00bb text_text_color=\u00bb#000000&#8243; text_font_size=\u00bb21px\u00bb text_line_height=\u00bb1.8em\u00bb header_2_font=\u00bbLora|700|||||||\u00bb header_2_text_color=\u00bb#0832a5&#8243; header_2_font_size=\u00bb30px\u00bb hover_enabled=\u00bb0&#8243;] Seguro grupal y pymes Para que tu equipo pueda trabajar tranquilo y seguro\u2026 El plan a tu alcance que protege e incentiva a tu personal, apoyando a tus [&hellip;]<\/p>\n","protected":false},"author":1,"featured_media":0,"parent":0,"menu_order":0,"comment_status":"closed","ping_status":"closed","template":"","meta":{"_et_pb_use_builder":"on","_et_pb_old_content":"","_et_gb_content_width":"","footnotes":""},"_links":{"self":[{"href":"https:\/\/www.seguroslcamexico.com\/index.php\/wp-json\/wp\/v2\/pages\/161"}],"collection":[{"href":"https:\/\/www.seguroslcamexico.com\/index.php\/wp-json\/wp\/v2\/pages"}],"about":[{"href":"https:\/\/www.seguroslcamexico.com\/index.php\/wp-json\/wp\/v2\/types\/page"}],"author":[{"embeddable":true,"href":"https:\/\/www.seguroslcamexico.com\/index.php\/wp-json\/wp\/v2\/users\/1"}],"replies":[{"embeddable":true,"href":"https:\/\/www.seguroslcamexico.com\/index.php\/wp-json\/wp\/v2\/comments?post=161"}],"version-history":[{"count":7,"href":"https:\/\/www.seguroslcamexico.com\/index.php\/wp-json\/wp\/v2\/pages\/161\/revisions"}],"predecessor-version":[{"id":831,"href":"https:\/\/www.seguroslcamexico.com\/index.php\/wp-json\/wp\/v2\/pages\/161\/revisions\/831"}],"wp:attachment":[{"href":"https:\/\/www.seguroslcamexico.com\/index.php\/wp-json\/wp\/v2\/media?parent=161"}],"curies":[{"name":"wp","href":"https:\/\/api.w.org\/{rel}","templated":true}]}}