{"id":153,"date":"2020-07-01T22:50:59","date_gmt":"2020-07-02T03:50:59","guid":{"rendered":"https:\/\/www.seguroslcamexico.com\/?page_id=153"},"modified":"2020-07-07T14:06:32","modified_gmt":"2020-07-07T19:06:32","slug":"hombre-clave","status":"publish","type":"page","link":"https:\/\/www.seguroslcamexico.com\/index.php\/hombre-clave\/","title":{"rendered":"Hombre-Clave"},"content":{"rendered":"<p>[et_pb_section fb_built=\u00bb1&#8243; _builder_version=\u00bb4.4.8&#8243; background_image=\u00bbhttps:\/\/www.seguroslcamexico.com\/wp-content\/uploads\/2020\/07\/hombre-de-traje-1024&#215;683-1.jpeg\u00bb parallax=\u00bbon\u00bb custom_margin=\u00bb||-130px|||\u00bb custom_padding=\u00bb0px||631px|||\u00bb locked=\u00bboff\u00bb][\/et_pb_section][et_pb_section fb_built=\u00bb1&#8243; _builder_version=\u00bb4.4.8&#8243; custom_margin=\u00bb-44px|||||\u00bb top_divider_style=\u00bbmountains\u00bb top_divider_color=\u00bbrgba(0,0,0,0.07)\u00bb top_divider_height=\u00bb534px\u00bb locked=\u00bboff\u00bb][et_pb_row _builder_version=\u00bb4.3.4&#8243;][et_pb_column type=\u00bb4_4&#8243; _builder_version=\u00bb4.3.4&#8243;][et_pb_text _builder_version=\u00bb4.4.8&#8243; text_font=\u00bbLora||||||||\u00bb text_text_color=\u00bb#000000&#8243; text_font_size=\u00bb21px\u00bb text_line_height=\u00bb1.8em\u00bb header_2_font=\u00bbLora|700|||||||\u00bb header_2_text_color=\u00bb#0832a5&#8243; header_2_font_size=\u00bb30px\u00bb]<\/p>\n<h2 style=\"text-align: justify;\"><strong>Hombre-clave<\/strong><\/h2>\n<p style=\"text-align: justify;\">Sabemos de la importancia que tiene la estructura organizacional en la toma de decisiones y la operaci\u00f3n; Por esa raz\u00f3n contamos con un plan 100% deducible, dirigido a propietarios, socios, directores y personal fundamental dentro de la empresa, brind\u00e1ndole un apoyo econ\u00f3mico que le permita la contrataci\u00f3n de personal calificado para el cargo.<\/p>\n<p>[\/et_pb_text][\/et_pb_column][\/et_pb_row][et_pb_row _builder_version=\u00bb4.3.4&#8243; locked=\u00bboff\u00bb][et_pb_column type=\u00bb4_4&#8243; _builder_version=\u00bb4.3.4&#8243;][et_pb_button button_url=\u00bbhttps:\/\/www.seguroslcamexico.com\/index.php\/contacto\/\u00bb url_new_window=\u00bbon\u00bb button_text=\u00bbObtener cotizaci\u00f3n\u00bb button_alignment=\u00bbcenter\u00bb _builder_version=\u00bb4.4.8&#8243; custom_button=\u00bbon\u00bb button_text_color=\u00bb#FFFFFF\u00bb button_bg_color=\u00bb#0832a5&#8243;][\/et_pb_button][\/et_pb_column][\/et_pb_row][\/et_pb_section]<\/p>\n","protected":false},"excerpt":{"rendered":"<p>[et_pb_section fb_built=\u00bb1&#8243; _builder_version=\u00bb4.4.8&#8243; background_image=\u00bbhttps:\/\/www.seguroslcamexico.com\/wp-content\/uploads\/2020\/07\/hombre-de-traje-1024&#215;683-1.jpeg\u00bb parallax=\u00bbon\u00bb custom_margin=\u00bb||-130px|||\u00bb custom_padding=\u00bb0px||631px|||\u00bb locked=\u00bboff\u00bb][\/et_pb_section][et_pb_section fb_built=\u00bb1&#8243; _builder_version=\u00bb4.4.8&#8243; custom_margin=\u00bb-44px|||||\u00bb top_divider_style=\u00bbmountains\u00bb top_divider_color=\u00bbrgba(0,0,0,0.07)\u00bb top_divider_height=\u00bb534px\u00bb locked=\u00bboff\u00bb][et_pb_row _builder_version=\u00bb4.3.4&#8243;][et_pb_column type=\u00bb4_4&#8243; _builder_version=\u00bb4.3.4&#8243;][et_pb_text _builder_version=\u00bb4.4.8&#8243; text_font=\u00bbLora||||||||\u00bb text_text_color=\u00bb#000000&#8243; text_font_size=\u00bb21px\u00bb text_line_height=\u00bb1.8em\u00bb header_2_font=\u00bbLora|700|||||||\u00bb header_2_text_color=\u00bb#0832a5&#8243; header_2_font_size=\u00bb30px\u00bb] Hombre-clave Sabemos de la importancia que tiene la estructura organizacional en la toma de decisiones y la operaci\u00f3n; Por esa raz\u00f3n contamos con un plan 100% deducible, dirigido a [&hellip;]<\/p>\n","protected":false},"author":1,"featured_media":0,"parent":0,"menu_order":0,"comment_status":"closed","ping_status":"closed","template":"","meta":{"_et_pb_use_builder":"on","_et_pb_old_content":"","_et_gb_content_width":"","footnotes":""},"_links":{"self":[{"href":"https:\/\/www.seguroslcamexico.com\/index.php\/wp-json\/wp\/v2\/pages\/153"}],"collection":[{"href":"https:\/\/www.seguroslcamexico.com\/index.php\/wp-json\/wp\/v2\/pages"}],"about":[{"href":"https:\/\/www.seguroslcamexico.com\/index.php\/wp-json\/wp\/v2\/types\/page"}],"author":[{"embeddable":true,"href":"https:\/\/www.seguroslcamexico.com\/index.php\/wp-json\/wp\/v2\/users\/1"}],"replies":[{"embeddable":true,"href":"https:\/\/www.seguroslcamexico.com\/index.php\/wp-json\/wp\/v2\/comments?post=153"}],"version-history":[{"count":7,"href":"https:\/\/www.seguroslcamexico.com\/index.php\/wp-json\/wp\/v2\/pages\/153\/revisions"}],"predecessor-version":[{"id":845,"href":"https:\/\/www.seguroslcamexico.com\/index.php\/wp-json\/wp\/v2\/pages\/153\/revisions\/845"}],"wp:attachment":[{"href":"https:\/\/www.seguroslcamexico.com\/index.php\/wp-json\/wp\/v2\/media?parent=153"}],"curies":[{"name":"wp","href":"https:\/\/api.w.org\/{rel}","templated":true}]}}