{"id":142,"date":"2020-07-01T22:34:57","date_gmt":"2020-07-02T03:34:57","guid":{"rendered":"https:\/\/www.seguroslcamexico.com\/?page_id=142"},"modified":"2020-07-21T14:26:04","modified_gmt":"2020-07-21T19:26:04","slug":"danos","status":"publish","type":"page","link":"https:\/\/www.seguroslcamexico.com\/index.php\/danos\/","title":{"rendered":"Da\u00f1os"},"content":{"rendered":"<p>[et_pb_section fb_built=\u00bb1&#8243; _builder_version=\u00bb4.4.8&#8243; background_image=\u00bbhttps:\/\/www.seguroslcamexico.com\/wp-content\/uploads\/2020\/07\/AdobeStock_224952179-1-scaled-1.jpeg\u00bb parallax=\u00bbon\u00bb custom_margin=\u00bb||-130px|||\u00bb custom_padding=\u00bb0px||705px|||\u00bb locked=\u00bboff\u00bb][\/et_pb_section][et_pb_section fb_built=\u00bb1&#8243; _builder_version=\u00bb4.4.8&#8243; custom_margin=\u00bb-44px|||||\u00bb top_divider_style=\u00bbramp2&#8243; top_divider_color=\u00bbrgba(0,0,0,0.05)\u00bb top_divider_height=\u00bb900px\u00bb locked=\u00bboff\u00bb][et_pb_row _builder_version=\u00bb4.3.4&#8243;][et_pb_column type=\u00bb4_4&#8243; _builder_version=\u00bb4.3.4&#8243;][et_pb_text _builder_version=\u00bb4.4.8&#8243; text_font=\u00bbLora||||||||\u00bb text_text_color=\u00bb#000000&#8243; text_font_size=\u00bb21px\u00bb text_line_height=\u00bb1.8em\u00bb header_2_font=\u00bbLora|700|||||||\u00bb header_2_text_color=\u00bb#0832a5&#8243; header_2_font_size=\u00bb30px\u00bb hover_enabled=\u00bb0&#8243;]<\/p>\n<h2 style=\"text-align: center;\"><\/h2>\n<h2 style=\"text-align: justify;\">Seguro de da\u00f1os<\/h2>\n<p style=\"text-align: justify;\">Qu\u00e9 tu preocupaci\u00f3n sea solo la de hacer crecer tu empresa\u2026<\/p>\n<p style=\"text-align: justify;\">Sabemos de la importancia de respaldar la continuidad de una empresa, es por eso que te brindamos diversas coberturas que te apoyen ante situaciones no previstas; te protegemos desde los da\u00f1os materiales que pueda sufrir tu estructura o contenidos de los interiores, la responsabilidad civil para bienes y personas, as\u00ed como la p\u00e9rdida de utilidades, salarios y gastos fijos.<\/p>\n<p style=\"text-align: center;\">\n[\/et_pb_text][et_pb_text _builder_version=\u00bb4.4.8&#8243; text_font=\u00bbLora||||||||\u00bb text_text_color=\u00bb#000000&#8243; text_font_size=\u00bb21px\u00bb text_line_height=\u00bb1.8em\u00bb header_2_font=\u00bbLora|700|||||||\u00bb header_2_text_color=\u00bb#0832a5&#8243; header_2_font_size=\u00bb30px\u00bb]<\/p>\n<h2 style=\"text-align: justify;\"><strong>Pymes, empresas, corporativos y multinacionales<\/strong><\/h2>\n<p style=\"text-align: justify;\"><strong><\/strong><\/p>\n<p style=\"text-align: justify;\"><strong><\/strong><\/p>\n<ol>\n<li style=\"text-align: justify;\">Responsabilidad civil<\/li>\n<li style=\"text-align: justify;\">Equipo de contratistas<\/li>\n<li style=\"text-align: justify;\">Traslado de mercanc\u00edas<\/li>\n<li style=\"text-align: justify;\">Obra civil y equipo de montaje<\/li>\n<li style=\"text-align: justify;\">Obra en construcci\u00f3n<\/li>\n<li style=\"text-align: justify;\">Obra terminada<\/li>\n<li style=\"text-align: justify;\">Todo riesgo de montaje<\/li>\n<\/ol>\n<p>[\/et_pb_text][et_pb_text _builder_version=\u00bb4.4.8&#8243; text_font=\u00bbLora||||||||\u00bb text_text_color=\u00bb#000000&#8243; text_font_size=\u00bb21px\u00bb text_line_height=\u00bb1.8em\u00bb header_2_font=\u00bbLora|700|||||||\u00bb header_2_text_color=\u00bb#0832a5&#8243; header_2_font_size=\u00bb30px\u00bb]<\/p>\n<h2 style=\"text-align: justify;\"><strong>Da\u00f1os materiales y\/o responsabilidad civil<\/strong><\/h2>\n<h2 style=\"text-align: justify;\"><\/h2>\n<ol>\n<li style=\"text-align: justify;\">Hoteles<\/li>\n<li style=\"text-align: justify;\">Empresas<\/li>\n<li style=\"text-align: justify;\">Multip\u00f3liza<\/li>\n<li style=\"text-align: justify;\">Gasolineras<\/li>\n<li style=\"text-align: justify;\">Data protect<\/li>\n<li style=\"text-align: justify;\">Obras de arte<\/li>\n<li style=\"text-align: justify;\">Restaurantes<\/li>\n<li style=\"text-align: justify;\">Corporativos<\/li>\n<li style=\"text-align: justify;\">Multinacionales<\/li>\n<\/ol>\n<p>[\/et_pb_text][\/et_pb_column][\/et_pb_row][et_pb_row _builder_version=\u00bb4.3.4&#8243; locked=\u00bboff\u00bb][et_pb_column type=\u00bb4_4&#8243; _builder_version=\u00bb4.3.4&#8243;][et_pb_button button_url=\u00bbhttps:\/\/www.seguroslcamexico.com\/index.php\/contacto\/\u00bb url_new_window=\u00bbon\u00bb button_text=\u00bbObtener cotizaci\u00f3n\u00bb button_alignment=\u00bbcenter\u00bb _builder_version=\u00bb4.4.8&#8243; custom_button=\u00bbon\u00bb button_text_color=\u00bb#FFFFFF\u00bb button_bg_color=\u00bb#0832a5&#8243;][\/et_pb_button][\/et_pb_column][\/et_pb_row][\/et_pb_section]<\/p>\n","protected":false},"excerpt":{"rendered":"<p>[et_pb_section fb_built=\u00bb1&#8243; _builder_version=\u00bb4.4.8&#8243; background_image=\u00bbhttps:\/\/www.seguroslcamexico.com\/wp-content\/uploads\/2020\/07\/AdobeStock_224952179-1-scaled-1.jpeg\u00bb parallax=\u00bbon\u00bb custom_margin=\u00bb||-130px|||\u00bb custom_padding=\u00bb0px||705px|||\u00bb locked=\u00bboff\u00bb][\/et_pb_section][et_pb_section fb_built=\u00bb1&#8243; _builder_version=\u00bb4.4.8&#8243; custom_margin=\u00bb-44px|||||\u00bb top_divider_style=\u00bbramp2&#8243; top_divider_color=\u00bbrgba(0,0,0,0.05)\u00bb top_divider_height=\u00bb900px\u00bb locked=\u00bboff\u00bb][et_pb_row _builder_version=\u00bb4.3.4&#8243;][et_pb_column type=\u00bb4_4&#8243; _builder_version=\u00bb4.3.4&#8243;][et_pb_text _builder_version=\u00bb4.4.8&#8243; text_font=\u00bbLora||||||||\u00bb text_text_color=\u00bb#000000&#8243; text_font_size=\u00bb21px\u00bb text_line_height=\u00bb1.8em\u00bb header_2_font=\u00bbLora|700|||||||\u00bb header_2_text_color=\u00bb#0832a5&#8243; header_2_font_size=\u00bb30px\u00bb hover_enabled=\u00bb0&#8243;] Seguro de da\u00f1os Qu\u00e9 tu preocupaci\u00f3n sea solo la de hacer crecer tu empresa\u2026 Sabemos de la importancia de respaldar la continuidad de una empresa, es por eso [&hellip;]<\/p>\n","protected":false},"author":1,"featured_media":0,"parent":0,"menu_order":0,"comment_status":"closed","ping_status":"closed","template":"","meta":{"_et_pb_use_builder":"on","_et_pb_old_content":"","_et_gb_content_width":"","footnotes":""},"_links":{"self":[{"href":"https:\/\/www.seguroslcamexico.com\/index.php\/wp-json\/wp\/v2\/pages\/142"}],"collection":[{"href":"https:\/\/www.seguroslcamexico.com\/index.php\/wp-json\/wp\/v2\/pages"}],"about":[{"href":"https:\/\/www.seguroslcamexico.com\/index.php\/wp-json\/wp\/v2\/types\/page"}],"author":[{"embeddable":true,"href":"https:\/\/www.seguroslcamexico.com\/index.php\/wp-json\/wp\/v2\/users\/1"}],"replies":[{"embeddable":true,"href":"https:\/\/www.seguroslcamexico.com\/index.php\/wp-json\/wp\/v2\/comments?post=142"}],"version-history":[{"count":16,"href":"https:\/\/www.seguroslcamexico.com\/index.php\/wp-json\/wp\/v2\/pages\/142\/revisions"}],"predecessor-version":[{"id":1173,"href":"https:\/\/www.seguroslcamexico.com\/index.php\/wp-json\/wp\/v2\/pages\/142\/revisions\/1173"}],"wp:attachment":[{"href":"https:\/\/www.seguroslcamexico.com\/index.php\/wp-json\/wp\/v2\/media?parent=142"}],"curies":[{"name":"wp","href":"https:\/\/api.w.org\/{rel}","templated":true}]}}